{"id":3765,"date":"2026-04-09T17:13:05","date_gmt":"2026-04-09T16:13:05","guid":{"rendered":"https:\/\/phgd.group\/?page_id=3765"},"modified":"2026-04-09T19:22:09","modified_gmt":"2026-04-09T18:22:09","slug":"conseil-flash","status":"publish","type":"page","link":"https:\/\/phgd.group\/en\/accueil\/conseil-flash\/","title":{"rendered":"Conseil Flash"},"content":{"rendered":"\t\t<div data-elementor-type=\"wp-page\" data-elementor-id=\"3765\" class=\"elementor elementor-3765\" data-elementor-post-type=\"page\">\n\t\t\t\t\t\t<section class=\"elementor-section elementor-top-section elementor-element elementor-element-370b359 elementor-section-boxed elementor-section-height-default elementor-section-height-default\" data-id=\"370b359\" data-element_type=\"section\" data-e-type=\"section\" data-settings=\"{&quot;background_background&quot;:&quot;classic&quot;}\">\n\t\t\t\t\t\t<div class=\"elementor-container elementor-column-gap-default\">\n\t\t\t\t\t<div class=\"elementor-column elementor-col-100 elementor-top-column elementor-element elementor-element-45584ac\" data-id=\"45584ac\" data-element_type=\"column\" data-e-type=\"column\">\n\t\t\t<div class=\"elementor-widget-wrap elementor-element-populated\">\n\t\t\t\t\t\t<div class=\"elementor-element elementor-element-fd1e05c elementor-widget elementor-widget-heading\" data-id=\"fd1e05c\" data-element_type=\"widget\" data-e-type=\"widget\" data-widget_type=\"heading.default\">\n\t\t\t\t<div class=\"elementor-widget-container\">\n\t\t\t\t\t<h1 class=\"elementor-heading-title elementor-size-default\">R\u00e9servez et payez votre Conseil Flash<\/h1>\t\t\t\t<\/div>\n\t\t\t\t<\/div>\n\t\t\t\t\t<\/div>\n\t\t<\/div>\n\t\t\t\t\t<\/div>\n\t\t<\/section>\n\t\t\t\t<section class=\"elementor-section elementor-top-section elementor-element elementor-element-7cf030d elementor-section-boxed elementor-section-height-default elementor-section-height-default\" data-id=\"7cf030d\" data-element_type=\"section\" data-e-type=\"section\">\n\t\t\t\t\t\t<div class=\"elementor-container elementor-column-gap-default\">\n\t\t\t\t\t<div class=\"elementor-column elementor-col-100 elementor-top-column elementor-element elementor-element-b539da1\" data-id=\"b539da1\" data-element_type=\"column\" data-e-type=\"column\">\n\t\t\t<div class=\"elementor-widget-wrap elementor-element-populated\">\n\t\t\t\t\t\t<div class=\"elementor-element elementor-element-bb41904 elementor-widget elementor-widget-spacer\" data-id=\"bb41904\" data-element_type=\"widget\" data-e-type=\"widget\" data-widget_type=\"spacer.default\">\n\t\t\t\t<div class=\"elementor-widget-container\">\n\t\t\t\t\t\t\t<div class=\"elementor-spacer\">\n\t\t\t<div class=\"elementor-spacer-inner\"><\/div>\n\t\t<\/div>\n\t\t\t\t\t\t<\/div>\n\t\t\t\t<\/div>\n\t\t\t\t\t<\/div>\n\t\t<\/div>\n\t\t\t\t\t<\/div>\n\t\t<\/section>\n\t\t\t\t<section class=\"elementor-section elementor-top-section elementor-element elementor-element-551bd61 elementor-section-boxed elementor-section-height-default elementor-section-height-default\" data-id=\"551bd61\" data-element_type=\"section\" data-e-type=\"section\">\n\t\t\t\t\t\t<div class=\"elementor-container elementor-column-gap-default\">\n\t\t\t\t\t<div class=\"elementor-column elementor-col-50 elementor-top-column elementor-element elementor-element-faae4b1\" data-id=\"faae4b1\" data-element_type=\"column\" data-e-type=\"column\">\n\t\t\t<div class=\"elementor-widget-wrap elementor-element-populated\">\n\t\t\t\t\t\t<div class=\"elementor-element elementor-element-e15c696 elementor-align-center elementor-widget elementor-widget-button\" data-id=\"e15c696\" data-element_type=\"widget\" data-e-type=\"widget\" data-widget_type=\"button.default\">\n\t\t\t\t<div class=\"elementor-widget-container\">\n\t\t\t\t\t\t\t\t\t<div class=\"elementor-button-wrapper\">\n\t\t\t\t\t<a class=\"elementor-button elementor-button-link elementor-size-sm\" href=\"https:\/\/outlook.office.com\/book\/ConseilFlash@phgd.group\/\">\n\t\t\t\t\t\t<span class=\"elementor-button-content-wrapper\">\n\t\t\t\t\t\t\t\t\t<span class=\"elementor-button-text\">Prenez rendez-vous en ligne<\/span>\n\t\t\t\t\t<\/span>\n\t\t\t\t\t<\/a>\n\t\t\t\t<\/div>\n\t\t\t\t\t\t\t\t<\/div>\n\t\t\t\t<\/div>\n\t\t\t\t\t<\/div>\n\t\t<\/div>\n\t\t\t\t<div class=\"elementor-column elementor-col-50 elementor-top-column elementor-element elementor-element-70effd3\" data-id=\"70effd3\" data-element_type=\"column\" data-e-type=\"column\">\n\t\t\t<div class=\"elementor-widget-wrap elementor-element-populated\">\n\t\t\t\t\t\t<div class=\"elementor-element elementor-element-e6634d2 elementor-align-center elementor-widget elementor-widget-stripe-button\" data-id=\"e6634d2\" data-element_type=\"widget\" data-e-type=\"widget\" data-settings=\"{&quot;stripe_currency&quot;:&quot;EUR&quot;,&quot;sandbox_mode&quot;:&quot;no&quot;}\" data-widget_type=\"stripe-button.default\">\n\t\t\t\t<div class=\"elementor-widget-container\">\n\t\t\t\t\t\t\t\t\t<div class=\"elementor-button-wrapper\">\n\t\t\t\t\t\n\t\t<form class=\"elementor-stripe-form\">\n\t\t\t<input type=\"hidden\" name=\"url\" value=\"https:\/\/phgd.group\/wp-admin\/admin-ajax.php\">\n\t\t\t<input type=\"hidden\" name=\"action\" value=\"submit_stripe_form\"\/>\n\t\t\t<input type=\"hidden\" name=\"widget_id\" value=\"e6634d2\"\/>\n\t\t\t<input type=\"hidden\" name=\"current_url\" value=\"\/index.php\"\/>\n\t\t\t<input type=\"hidden\" name=\"custom_error_msg\" value=\"\" \/>\n\t\t\t<input type=\"hidden\" name=\"custom_error_msg_global\" value=\"\" \/>\n\t\t\t<input type=\"hidden\" name=\"custom_error_msg_payment\" value=\"\" \/>\n\t\t\t<input type=\"hidden\" id=\"stripe_form_submit_nonce\" name=\"stripe_form_submit_nonce\" value=\"5e713a1cf3\" \/><input type=\"hidden\" name=\"_wp_http_referer\" value=\"\/accueil\/conseil-flash\/\" \/>\t\t\t<input type=\"hidden\" name=\"open_in_new_window\" value=\"yes\"\/>\n\t\t\t\t\t<button class=\"elementor-button elementor-size-sm elementor-payment-button\" role=\"button\">\n\t\t\t\t\t<span class=\"elementor-button-content-wrapper\">\n\t\t\t\t\t\t\t\t\t<span class=\"elementor-button-text\">Effectuez le r\u00e8glement<\/span>\n\t\t\t\t\t<\/span>\n\t\t\t\t<\/button>\n\t\t\t\t<\/form>\n\t\t\t\t\t\t<\/div>\n\t\t\t\t\t\t\t\t<\/div>\n\t\t\t\t<\/div>\n\t\t\t\t\t<\/div>\n\t\t<\/div>\n\t\t\t\t\t<\/div>\n\t\t<\/section>\n\t\t\t\t<section class=\"elementor-section elementor-top-section elementor-element elementor-element-52c7bbf elementor-section-boxed elementor-section-height-default elementor-section-height-default\" data-id=\"52c7bbf\" data-element_type=\"section\" data-e-type=\"section\">\n\t\t\t\t\t\t<div class=\"elementor-container elementor-column-gap-default\">\n\t\t\t\t\t<div class=\"elementor-column elementor-col-100 elementor-top-column elementor-element elementor-element-5062952\" data-id=\"5062952\" data-element_type=\"column\" data-e-type=\"column\">\n\t\t\t<div class=\"elementor-widget-wrap elementor-element-populated\">\n\t\t\t\t\t\t<div class=\"elementor-element elementor-element-ee034e3 elementor-widget elementor-widget-spacer\" data-id=\"ee034e3\" data-element_type=\"widget\" data-e-type=\"widget\" data-widget_type=\"spacer.default\">\n\t\t\t\t<div class=\"elementor-widget-container\">\n\t\t\t\t\t\t\t<div class=\"elementor-spacer\">\n\t\t\t<div class=\"elementor-spacer-inner\"><\/div>\n\t\t<\/div>\n\t\t\t\t\t\t<\/div>\n\t\t\t\t<\/div>\n\t\t\t\t\t<\/div>\n\t\t<\/div>\n\t\t\t\t\t<\/div>\n\t\t<\/section>\n\t\t\t\t<section class=\"elementor-section elementor-top-section elementor-element elementor-element-2f2bf74 elementor-section-boxed elementor-section-height-default elementor-section-height-default\" data-id=\"2f2bf74\" data-element_type=\"section\" data-e-type=\"section\">\n\t\t\t\t\t\t<div class=\"elementor-container elementor-column-gap-default\">\n\t\t\t\t\t<div class=\"elementor-column elementor-col-100 elementor-top-column elementor-element elementor-element-fd02862\" data-id=\"fd02862\" data-element_type=\"column\" data-e-type=\"column\">\n\t\t\t<div class=\"elementor-widget-wrap elementor-element-populated\">\n\t\t\t\t\t\t<div class=\"elementor-element elementor-element-e75bc6b elementor-widget elementor-widget-text-editor\" data-id=\"e75bc6b\" data-element_type=\"widget\" data-e-type=\"widget\" data-widget_type=\"text-editor.default\">\n\t\t\t\t<div class=\"elementor-widget-container\">\n\t\t\t\t\t\t\t\t\t<p>Et si vous le souhaitez, compl\u00e9tez le formulaire ci-dessous. Cela nous aidera \u00e0 pr\u00e9parer votre s\u00e9ance de Conseil Flash.<\/p>\t\t\t\t\t\t\t\t<\/div>\n\t\t\t\t<\/div>\n\t\t\t\t\t<\/div>\n\t\t<\/div>\n\t\t\t\t\t<\/div>\n\t\t<\/section>\n\t\t\t\t<section class=\"elementor-section elementor-top-section elementor-element elementor-element-11eab18 elementor-section-boxed elementor-section-height-default elementor-section-height-default\" data-id=\"11eab18\" data-element_type=\"section\" data-e-type=\"section\">\n\t\t\t\t\t\t<div class=\"elementor-container elementor-column-gap-default\">\n\t\t\t\t\t<div class=\"elementor-column elementor-col-25 elementor-top-column elementor-element elementor-element-65912f4\" data-id=\"65912f4\" data-element_type=\"column\" data-e-type=\"column\">\n\t\t\t<div class=\"elementor-widget-wrap\">\n\t\t\t\t\t\t\t<\/div>\n\t\t<\/div>\n\t\t\t\t<div class=\"elementor-column elementor-col-50 elementor-top-column elementor-element elementor-element-74b39c3\" data-id=\"74b39c3\" data-element_type=\"column\" data-e-type=\"column\">\n\t\t\t<div class=\"elementor-widget-wrap elementor-element-populated\">\n\t\t\t\t\t\t<div class=\"elementor-element elementor-element-5373ef3 eael-wpforms-labels-yes eael-wpforms-form-button-custom elementor-widget elementor-widget-eael-wpforms\" data-id=\"5373ef3\" data-element_type=\"widget\" data-e-type=\"widget\" data-widget_type=\"eael-wpforms.default\">\n\t\t\t\t<div class=\"elementor-widget-container\">\n\t\t\t\t\t            <div class=\"eael-contact-form eael-wpforms eael-wpforms-align-default\">\n                                <div class=\"wpforms-container wpforms-container-full Form_besoins\" id=\"wpforms-1699\"><form id=\"wpforms-form-1699\" class=\"wpforms-validate wpforms-form\" data-formid=\"1699\" method=\"post\" enctype=\"multipart\/form-data\" action=\"\/en\/wp-json\/wp\/v2\/pages\/3765\" data-token=\"1cdee859404671aa0d9f0729138381cf\" data-token-time=\"1775776212\"><div class=\"wpforms-head-container\"><div class=\"wpforms-title\">Dites-nous de quoi vous avez besoin<\/div><\/div><noscript class=\"wpforms-error-noscript\">Please enable JavaScript in your browser to complete this form.<\/noscript><div class=\"wpforms-field-container\"><div id=\"wpforms-1699-field_0-container\" class=\"wpforms-field wpforms-field-name\" data-field-id=\"0\"><label class=\"wpforms-field-label\" for=\"wpforms-1699-field_0\">Nom <span class=\"wpforms-required-label\">*<\/span><\/label><input type=\"text\" id=\"wpforms-1699-field_0\" class=\"wpforms-field-medium wpforms-field-required\" name=\"wpforms[fields][0]\" required><\/div><div id=\"wpforms-1699-field_3-container\" class=\"wpforms-field wpforms-field-text\" data-field-id=\"3\"><label class=\"wpforms-field-label\" for=\"wpforms-1699-field_3\">Soci\u00e9t\u00e9 \/ institution <span class=\"wpforms-required-label\">*<\/span><\/label><input type=\"text\" id=\"wpforms-1699-field_3\" class=\"wpforms-field-medium wpforms-field-required\" name=\"wpforms[fields][3]\" required><\/div><div id=\"wpforms-1699-field_1-container\" class=\"wpforms-field wpforms-field-email\" data-field-id=\"1\"><label class=\"wpforms-field-label\" for=\"wpforms-1699-field_1\">Courriel <span class=\"wpforms-required-label\">*<\/span><\/label><input type=\"email\" id=\"wpforms-1699-field_1\" class=\"wpforms-field-medium wpforms-field-required\" name=\"wpforms[fields][1]\" spellcheck=\"false\" required><\/div><div id=\"wpforms-1699-field_5-container\" class=\"wpforms-field wpforms-field-checkbox\" data-field-id=\"5\"><label class=\"wpforms-field-label\">J&#039;ai des besoins en mati\u00e8re de : <span class=\"wpforms-required-label\">*<\/span><\/label><ul id=\"wpforms-1699-field_5\" class=\"wpforms-field-required\"><li class=\"choice-1 depth-1\"><input type=\"checkbox\" id=\"wpforms-1699-field_5_1\" name=\"wpforms[fields][5][]\" value=\"Strat\u00e9gie de d\u00e9veloppement durable\" required ><label class=\"wpforms-field-label-inline\" for=\"wpforms-1699-field_5_1\">Strat\u00e9gie de d\u00e9veloppement durable<\/label><\/li><li class=\"choice-2 depth-1\"><input type=\"checkbox\" id=\"wpforms-1699-field_5_2\" name=\"wpforms[fields][5][]\" value=\"Pratiques transformatrices\" required ><label class=\"wpforms-field-label-inline\" for=\"wpforms-1699-field_5_2\">Pratiques transformatrices<\/label><\/li><li class=\"choice-3 depth-1\"><input type=\"checkbox\" id=\"wpforms-1699-field_5_3\" name=\"wpforms[fields][5][]\" value=\"Confiance, management et performance\" required ><label class=\"wpforms-field-label-inline\" for=\"wpforms-1699-field_5_3\">Confiance, management et performance<\/label><\/li><\/ul><div class=\"wpforms-field-description\">Bien entendu, ces besoins ne s'excluent pas !<\/div><\/div><div id=\"wpforms-1699-field_4-container\" class=\"wpforms-field wpforms-field-radio\" data-field-id=\"4\"><label class=\"wpforms-field-label\">Je cherche <span class=\"wpforms-required-label\">*<\/span><\/label><ul id=\"wpforms-1699-field_4\" class=\"wpforms-field-required\"><li class=\"choice-1 depth-1\"><input type=\"radio\" id=\"wpforms-1699-field_4_1\" name=\"wpforms[fields][4]\" value=\"Une intervention de sensibilisation\" required ><label class=\"wpforms-field-label-inline\" for=\"wpforms-1699-field_4_1\">Une intervention de sensibilisation<\/label><\/li><li class=\"choice-2 depth-1\"><input type=\"radio\" id=\"wpforms-1699-field_4_2\" name=\"wpforms[fields][4]\" value=\"Un diagnostic pr\u00e9liminaire\" required ><label class=\"wpforms-field-label-inline\" for=\"wpforms-1699-field_4_2\">Un diagnostic pr\u00e9liminaire<\/label><\/li><li class=\"choice-3 depth-1\"><input type=\"radio\" id=\"wpforms-1699-field_4_3\" name=\"wpforms[fields][4]\" value=\"Un accompagnement strat\u00e9gique\" required ><label class=\"wpforms-field-label-inline\" for=\"wpforms-1699-field_4_3\">Un accompagnement strat\u00e9gique<\/label><\/li><li class=\"choice-4 depth-1\"><input type=\"radio\" id=\"wpforms-1699-field_4_4\" name=\"wpforms[fields][4]\" value=\"Je ne suis pas s\u00fbr : j&#039;aimerais en parler\" required ><label class=\"wpforms-field-label-inline\" for=\"wpforms-1699-field_4_4\">Je ne suis pas s\u00fbr : j'aimerais en parler<\/label><\/li><\/ul><div class=\"wpforms-field-description\">Une seule option, puisque la derni\u00e8re rassemble tous les fils.<\/div><\/div><div id=\"wpforms-1699-field_2-container\" class=\"wpforms-field wpforms-field-textarea\" data-field-id=\"2\"><label class=\"wpforms-field-label\" for=\"wpforms-1699-field_2\">Commentaires additionnels<\/label><textarea id=\"wpforms-1699-field_2\" class=\"wpforms-field-medium\" name=\"wpforms[fields][2]\" ><\/textarea><\/div><\/div><!-- .wpforms-field-container --><div class=\"wpforms-submit-container\" ><input type=\"hidden\" name=\"wpforms[id]\" value=\"1699\"><input type=\"hidden\" name=\"page_title\" value=\"\"><input type=\"hidden\" name=\"page_url\" value=\"https:\/\/phgd.group\/en\/wp-json\/wp\/v2\/pages\/3765\"><input type=\"hidden\" name=\"url_referer\" value=\"\"><button type=\"submit\" name=\"wpforms[submit]\" id=\"wpforms-submit-1699\" class=\"wpforms-submit\" data-alt-text=\"Envoi en cours...\" data-submit-text=\"Envoyer\" aria-live=\"assertive\" value=\"wpforms-submit\">Envoyer<\/button><\/div><\/form><\/div>  <!-- .wpforms-container -->            <\/div>\n\t\t\t\t<\/div>\n\t\t\t\t<\/div>\n\t\t\t\t\t<\/div>\n\t\t<\/div>\n\t\t\t\t<div class=\"elementor-column elementor-col-25 elementor-top-column elementor-element elementor-element-c53c396\" data-id=\"c53c396\" data-element_type=\"column\" data-e-type=\"column\">\n\t\t\t<div class=\"elementor-widget-wrap\">\n\t\t\t\t\t\t\t<\/div>\n\t\t<\/div>\n\t\t\t\t\t<\/div>\n\t\t<\/section>\n\t\t\t\t<\/div>\n\t\t","protected":false},"excerpt":{"rendered":"<p>R\u00e9servez et payez votre Conseil Flash Prenez rendez-vous en ligne Effectuez le r\u00e8glement Et si vous le souhaitez, compl\u00e9tez le formulaire ci-dessous. Cela nous aidera \u00e0 pr\u00e9parer votre s\u00e9ance de Conseil Flash. Dites-nous de quoi vous avez besoinVeuillez activer JavaScript dans votre navigateur pour remplir ce formulaire.Nom *Soci\u00e9t\u00e9 \/ institution *Courriel *J&#039;ai des besoins en [&hellip;]<\/p>\n","protected":false},"author":1,"featured_media":0,"parent":2516,"menu_order":0,"comment_status":"closed","ping_status":"closed","template":"","meta":{"_angie_page":false,"_eb_attr":"","om_disable_all_campaigns":false,"_monsterinsights_skip_tracking":false,"_monsterinsights_sitenote_active":false,"_monsterinsights_sitenote_note":"","_monsterinsights_sitenote_category":0,"_uf_show_specific_survey":0,"_uf_disable_surveys":false,"site-sidebar-layout":"no-sidebar","site-content-layout":"page-builder","ast-site-content-layout":"full-width-container","site-content-style":"default","site-sidebar-style":"default","ast-global-header-display":"","ast-banner-title-visibility":"","ast-main-header-display":"","ast-hfb-above-header-display":"","ast-hfb-below-header-display":"","ast-hfb-mobile-header-display":"","site-post-title":"","ast-breadcrumbs-content":"","ast-featured-img":"disabled","footer-sml-layout":"","ast-disable-related-posts":"","theme-transparent-header-meta":"","adv-header-id-meta":"","stick-header-meta":"","header-above-stick-meta":"","header-main-stick-meta":"","header-below-stick-meta":"","astra-migrate-meta-layouts":"set","ast-page-background-enabled":"default","ast-page-background-meta":{"desktop":{"background-color":"var(--ast-global-color-4)","background-image":"","background-repeat":"repeat","background-position":"center center","background-size":"auto","background-attachment":"scroll","background-type":"","background-media":"","overlay-type":"","overlay-color":"","overlay-opacity":"","overlay-gradient":""},"tablet":{"background-color":"","background-image":"","background-repeat":"repeat","background-position":"center center","background-size":"auto","background-attachment":"scroll","background-type":"","background-media":"","overlay-type":"","overlay-color":"","overlay-opacity":"","overlay-gradient":""},"mobile":{"background-color":"","background-image":"","background-repeat":"repeat","background-position":"center center","background-size":"auto","background-attachment":"scroll","background-type":"","background-media":"","overlay-type":"","overlay-color":"","overlay-opacity":"","overlay-gradient":""}},"ast-content-background-meta":{"desktop":{"background-color":"var(--ast-global-color-5)","background-image":"","background-repeat":"repeat","background-position":"center center","background-size":"auto","background-attachment":"scroll","background-type":"","background-media":"","overlay-type":"","overlay-color":"","overlay-opacity":"","overlay-gradient":""},"tablet":{"background-color":"var(--ast-global-color-5)","background-image":"","background-repeat":"repeat","background-position":"center center","background-size":"auto","background-attachment":"scroll","background-type":"","background-media":"","overlay-type":"","overlay-color":"","overlay-opacity":"","overlay-gradient":""},"mobile":{"background-color":"var(--ast-global-color-5)","background-image":"","background-repeat":"repeat","background-position":"center center","background-size":"auto","background-attachment":"scroll","background-type":"","background-media":"","overlay-type":"","overlay-color":"","overlay-opacity":"","overlay-gradient":""}},"footnotes":""},"class_list":["post-3765","page","type-page","status-publish","hentry"],"aioseo_notices":[],"_links":{"self":[{"href":"https:\/\/phgd.group\/en\/wp-json\/wp\/v2\/pages\/3765","targetHints":{"allow":["GET"]}}],"collection":[{"href":"https:\/\/phgd.group\/en\/wp-json\/wp\/v2\/pages"}],"about":[{"href":"https:\/\/phgd.group\/en\/wp-json\/wp\/v2\/types\/page"}],"author":[{"embeddable":true,"href":"https:\/\/phgd.group\/en\/wp-json\/wp\/v2\/users\/1"}],"replies":[{"embeddable":true,"href":"https:\/\/phgd.group\/en\/wp-json\/wp\/v2\/comments?post=3765"}],"version-history":[{"count":35,"href":"https:\/\/phgd.group\/en\/wp-json\/wp\/v2\/pages\/3765\/revisions"}],"predecessor-version":[{"id":3808,"href":"https:\/\/phgd.group\/en\/wp-json\/wp\/v2\/pages\/3765\/revisions\/3808"}],"up":[{"embeddable":true,"href":"https:\/\/phgd.group\/en\/wp-json\/wp\/v2\/pages\/2516"}],"wp:attachment":[{"href":"https:\/\/phgd.group\/en\/wp-json\/wp\/v2\/media?parent=3765"}],"curies":[{"name":"wp","href":"https:\/\/api.w.org\/{rel}","templated":true}]}}